{"id":8,"date":"2013-11-27T22:43:41","date_gmt":"2013-11-27T22:43:41","guid":{"rendered":"http:\/\/jul.plainmomentum.com\/?page_id=8"},"modified":"2013-11-28T23:34:55","modified_gmt":"2013-11-28T23:34:55","slug":"jul-pa-gaden","status":"publish","type":"page","link":"http:\/\/jul.plainmomentum.com\/","title":{"rendered":"Jul p\u00e5 gaden"},"content":{"rendered":"<p>Online julekalender, med Julehaderen og Nissepigen! Vi pisser p\u00e5 traditionerne, og fyrer op for julespas til der g\u00e5r ild i det hele. Dette er julekalenderen du ikke vil g\u00e5 glip af!<\/p>\n","protected":false},"excerpt":{"rendered":"<p>Online julekalender, med Julehaderen og Nissepigen! Vi pisser p\u00e5 traditionerne, og fyrer op for julespas til der g\u00e5r ild i det hele. Dette er julekalenderen du ikke vil g\u00e5 glip af!<\/p>\n","protected":false},"author":1,"featured_media":0,"parent":0,"menu_order":0,"comment_status":"closed","ping_status":"closed","template":"template-home.php","meta":[],"_links":{"self":[{"href":"http:\/\/jul.plainmomentum.com\/index.php?rest_route=\/wp\/v2\/pages\/8"}],"collection":[{"href":"http:\/\/jul.plainmomentum.com\/index.php?rest_route=\/wp\/v2\/pages"}],"about":[{"href":"http:\/\/jul.plainmomentum.com\/index.php?rest_route=\/wp\/v2\/types\/page"}],"author":[{"embeddable":true,"href":"http:\/\/jul.plainmomentum.com\/index.php?rest_route=\/wp\/v2\/users\/1"}],"replies":[{"embeddable":true,"href":"http:\/\/jul.plainmomentum.com\/index.php?rest_route=%2Fwp%2Fv2%2Fcomments&post=8"}],"version-history":[{"count":4,"href":"http:\/\/jul.plainmomentum.com\/index.php?rest_route=\/wp\/v2\/pages\/8\/revisions"}],"predecessor-version":[{"id":50,"href":"http:\/\/jul.plainmomentum.com\/index.php?rest_route=\/wp\/v2\/pages\/8\/revisions\/50"}],"wp:attachment":[{"href":"http:\/\/jul.plainmomentum.com\/index.php?rest_route=%2Fwp%2Fv2%2Fmedia&parent=8"}],"curies":[{"name":"wp","href":"https:\/\/api.w.org\/{rel}","templated":true}]}}